{"id":210,"date":"2026-03-18T13:13:04","date_gmt":"2026-03-18T12:13:04","guid":{"rendered":"https:\/\/monciak45.pl\/en\/?page_id=210"},"modified":"2026-03-18T13:15:44","modified_gmt":"2026-03-18T12:15:44","slug":"regulamin-rezerwacji","status":"publish","type":"page","link":"https:\/\/monciak45.pl\/en\/regulamin-rezerwacji\/","title":{"rendered":"Regulamin rezerwacji"},"content":{"rendered":"\t\t<div data-elementor-type=\"wp-page\" data-elementor-id=\"210\" class=\"elementor elementor-210\">\n\t\t\t\t<div class=\"elementor-element elementor-element-1d06a87 e-flex e-con-boxed e-con e-parent\" data-id=\"1d06a87\" data-element_type=\"container\" data-e-type=\"container\">\n\t\t\t\t\t<div class=\"e-con-inner\">\n\t\t\t\t<div class=\"elementor-element elementor-element-142a67e elementor-widget elementor-widget-text-editor\" data-id=\"142a67e\" data-element_type=\"widget\" data-e-type=\"widget\" data-widget_type=\"text-editor.default\">\n\t\t\t\t\t\t\t\t\t<p><b>1<\/b>. Postanowienia og\u00f3lne<\/p><p>Niniejszy regulamin okre\u015bla zasady dokonywania rezerwacji stolik\u00f3w w restauracji Monciak 45.<\/p><p><span lang=\"en-US\">Restauracja prowadzona jest przez:<\/span><\/p><p><span lang=\"en-US\">MAGDOM Sop. z o.o.<br \/>ul. <\/span>Plac Teatralny 1<br \/>00-930 Warszawa<\/p><p>Kontakt:<br \/>E-mail: info@monciak45.pl<br \/>Strona internetowa: <a href=\"http:\/\/www.monciak45.pl\">www.monciak45.pl<\/a><\/p><p>Dokonanie rezerwacji oznacza akceptacj\u0119 niniejszego regulaminu.<\/p><p>2. Dokonywanie rezerwacji<\/p><p>Rezerwacji stolika mo\u017cna dokona\u0107:<\/p><ul><li><p>telefonicznie<\/p><\/li><li><p>poprzez wiadomo\u015b\u0107 e-mail<\/p><\/li><li><p>za po\u015brednictwem formularza rezerwacyjnego dost\u0119pnego na stronie internetowej<\/p><\/li><\/ul><p>Rezerwacja jest wa\u017cna po jej potwierdzeniu przez restauracj\u0119.<\/p><p>3. Czas obowi\u0105zywania rezerwacji<\/p><p>Restauracja zastrzega sobie prawo do utrzymania rezerwacji przez 15 minut od ustalonej godziny.<\/p><p>W przypadku braku pojawienia si\u0119 go\u015bci w tym czasie stolik mo\u017ce zosta\u0107 udost\u0119pniony innym klientom.<\/p><p>W przypadku op\u00f3\u017anienia prosimy o wcze\u015bniejszy kontakt z restauracj\u0105.<\/p><p>4. Rezerwacje dla wi\u0119kszych grup<\/p><p>Rezerwacje dla wi\u0119kszych grup mog\u0105 wymaga\u0107 wcze\u015bniejszego ustalenia szczeg\u00f3\u0142\u00f3w z restauracj\u0105, w szczeg\u00f3lno\u015bci:<\/p><ul><li><p>liczby go\u015bci<\/p><\/li><li><p>wyboru menu<\/p><\/li><li><p>czasu trwania wydarzenia<\/p><\/li><\/ul><p>W niekt\u00f3rych przypadkach restauracja mo\u017ce wymaga\u0107 zaliczki lub przedp\u0142aty w celu potwierdzenia rezerwacji.<\/p><p>5. Anulowanie rezerwacji<\/p><p>W przypadku rezygnacji z rezerwacji prosimy o wcze\u015bniejsz\u0105 informacj\u0119.<\/p><p>W przypadku rezerwacji grupowych restauracja mo\u017ce okre\u015bli\u0107 indywidualne zasady anulowania rezerwacji.<\/p><p>6. Zmiany rezerwacji<\/p><p>Zmiana liczby go\u015bci lub godziny rezerwacji powinna zosta\u0107 zg\u0142oszona z odpowiednim wyprzedzeniem i wymaga potwierdzenia przez restauracj\u0119.<\/p><p>7. Postanowienia ko\u0144cowe<\/p><p>Restauracja zastrzega sobie prawo do zmiany niniejszego regulaminu. Aktualna wersja regulaminu dost\u0119pna jest na stronie internetowej <a href=\"http:\/\/www.monciak45.pl\">www.monciak45.pl<\/a>.<\/p>\t\t\t\t\t\t\t\t<\/div>\n\t\t\t\t\t<\/div>\n\t\t\t\t<\/div>\n\t\t\t\t<\/div>\n\t\t","protected":false},"excerpt":{"rendered":"<p>1. Postanowienia og\u00f3lne Niniejszy regulamin okre\u015bla zasady dokonywania rezerwacji stolik\u00f3w w restauracji Monciak 45. Restauracja prowadzona jest przez: MAGDOM Sop. z o.o.ul. Plac Teatralny 100-930 Warszawa Kontakt:E-mail: info@monciak45.plStrona internetowa: www.monciak45.pl Dokonanie rezerwacji oznacza akceptacj\u0119 niniejszego regulaminu. 2. Dokonywanie rezerwacji Rezerwacji stolika mo\u017cna dokona\u0107: telefonicznie poprzez wiadomo\u015b\u0107 e-mail za po\u015brednictwem formularza rezerwacyjnego dost\u0119pnego na stronie internetowej [&hellip;]<\/p>\n","protected":false},"author":1,"featured_media":0,"parent":0,"menu_order":0,"comment_status":"closed","ping_status":"closed","template":"","meta":{"footnotes":""},"class_list":["post-210","page","type-page","status-publish","hentry"],"_links":{"self":[{"href":"https:\/\/monciak45.pl\/en\/wp-json\/wp\/v2\/pages\/210","targetHints":{"allow":["GET"]}}],"collection":[{"href":"https:\/\/monciak45.pl\/en\/wp-json\/wp\/v2\/pages"}],"about":[{"href":"https:\/\/monciak45.pl\/en\/wp-json\/wp\/v2\/types\/page"}],"author":[{"embeddable":true,"href":"https:\/\/monciak45.pl\/en\/wp-json\/wp\/v2\/users\/1"}],"replies":[{"embeddable":true,"href":"https:\/\/monciak45.pl\/en\/wp-json\/wp\/v2\/comments?post=210"}],"version-history":[{"count":7,"href":"https:\/\/monciak45.pl\/en\/wp-json\/wp\/v2\/pages\/210\/revisions"}],"predecessor-version":[{"id":222,"href":"https:\/\/monciak45.pl\/en\/wp-json\/wp\/v2\/pages\/210\/revisions\/222"}],"wp:attachment":[{"href":"https:\/\/monciak45.pl\/en\/wp-json\/wp\/v2\/media?parent=210"}],"curies":[{"name":"wp","href":"https:\/\/api.w.org\/{rel}","templated":true}]}}