{"id":231,"date":"2026-03-18T13:19:11","date_gmt":"2026-03-18T12:19:11","guid":{"rendered":"https:\/\/monciak45.pl\/en\/?page_id=231"},"modified":"2026-03-18T13:19:33","modified_gmt":"2026-03-18T12:19:33","slug":"informacja-o-alergenach","status":"publish","type":"page","link":"https:\/\/monciak45.pl\/en\/informacja-o-alergenach\/","title":{"rendered":"Informacja o alergenach"},"content":{"rendered":"\t\t<div data-elementor-type=\"wp-page\" data-elementor-id=\"231\" class=\"elementor elementor-231\">\n\t\t\t\t<div class=\"elementor-element elementor-element-2ec33df e-flex e-con-boxed e-con e-parent\" data-id=\"2ec33df\" data-element_type=\"container\" data-e-type=\"container\">\n\t\t\t\t\t<div class=\"e-con-inner\">\n\t\t\t\t<div class=\"elementor-element elementor-element-d8c771e elementor-widget elementor-widget-text-editor\" data-id=\"d8c771e\" data-element_type=\"widget\" data-e-type=\"widget\" data-widget_type=\"text-editor.default\">\n\t\t\t\t\t\t\t\t\t<p>W trosce o bezpiecze\u0144stwo naszych Go\u015bci informujemy, \u017ce dania serwowane w restauracji Monciak 45 mog\u0105 zawiera\u0107 sk\u0142adniki wywo\u0142uj\u0105ce reakcje alergiczne lub nietolerancje pokarmowe.<\/p><p>W naszych potrawach mog\u0105 wyst\u0119powa\u0107 nast\u0119puj\u0105ce alergeny:<\/p><ol><li><p>Zbo\u017ca zawieraj\u0105ce gluten (np. pszenica, \u017cyto, j\u0119czmie\u0144, owies)<\/p><\/li><li><p>Skorupiaki oraz produkty pochodne<\/p><\/li><li><p>Jaja oraz produkty pochodne<\/p><\/li><li><p>Ryby oraz produkty pochodne<\/p><\/li><li><p>Orzeszki ziemne (arachidowe) oraz produkty pochodne<\/p><\/li><li><p>Soja oraz produkty pochodne<\/p><\/li><li><p>Mleko (w tym laktoza) oraz produkty pochodne<\/p><\/li><li><p>Orzechy (np. migda\u0142y, orzechy laskowe, w\u0142oskie, nerkowce, pistacje)<\/p><\/li><li><p>Seler oraz produkty pochodne<\/p><\/li><li><p>Gorczyca oraz produkty pochodne<\/p><\/li><li><p>Nasiona sezamu oraz produkty pochodne<\/p><\/li><li><p>Dwutlenek siarki i siarczyny obecne w niekt\u00f3rych produktach i napojach<\/p><\/li><li><p>\u0141ubin oraz produkty pochodne<\/p><\/li><li><p>Mi\u0119czaki oraz produkty pochodne<\/p><\/li><\/ol><p>Ze wzgl\u0119du na spos\u00f3b przygotowywania potraw w jednej kuchni nie mo\u017cemy ca\u0142kowicie wykluczy\u0107 \u015bladowych ilo\u015bci alergen\u00f3w w serwowanych daniach.<\/p><p>Szczeg\u00f3\u0142owe informacje dotycz\u0105ce alergen\u00f3w znajduj\u0105cych si\u0119 w konkretnych potrawach dost\u0119pne s\u0105 u obs\u0142ugi restauracji. W przypadku alergii lub nietolerancji pokarmowych prosimy o poinformowanie naszego personelu przed z\u0142o\u017ceniem zam\u00f3wienia \u2013 ch\u0119tnie pomo\u017cemy w wyborze odpowiedniego dania.<\/p><p>Naszym celem jest zapewnienie wszystkim Go\u015bciom komfortu i bezpiecze\u0144stwa podczas wizyty w restauracji Monciak 45.<\/p>\t\t\t\t\t\t\t\t<\/div>\n\t\t\t\t\t<\/div>\n\t\t\t\t<\/div>\n\t\t\t\t<\/div>\n\t\t","protected":false},"excerpt":{"rendered":"<p>W trosce o bezpiecze\u0144stwo naszych Go\u015bci informujemy, \u017ce dania serwowane w restauracji Monciak 45 mog\u0105 zawiera\u0107 sk\u0142adniki wywo\u0142uj\u0105ce reakcje alergiczne lub nietolerancje pokarmowe. W naszych potrawach mog\u0105 wyst\u0119powa\u0107 nast\u0119puj\u0105ce alergeny: Zbo\u017ca zawieraj\u0105ce gluten (np. pszenica, \u017cyto, j\u0119czmie\u0144, owies) Skorupiaki oraz produkty pochodne Jaja oraz produkty pochodne Ryby oraz produkty pochodne Orzeszki ziemne (arachidowe) oraz produkty [&hellip;]<\/p>\n","protected":false},"author":1,"featured_media":0,"parent":0,"menu_order":0,"comment_status":"closed","ping_status":"closed","template":"","meta":{"footnotes":""},"class_list":["post-231","page","type-page","status-publish","hentry"],"_links":{"self":[{"href":"https:\/\/monciak45.pl\/en\/wp-json\/wp\/v2\/pages\/231","targetHints":{"allow":["GET"]}}],"collection":[{"href":"https:\/\/monciak45.pl\/en\/wp-json\/wp\/v2\/pages"}],"about":[{"href":"https:\/\/monciak45.pl\/en\/wp-json\/wp\/v2\/types\/page"}],"author":[{"embeddable":true,"href":"https:\/\/monciak45.pl\/en\/wp-json\/wp\/v2\/users\/1"}],"replies":[{"embeddable":true,"href":"https:\/\/monciak45.pl\/en\/wp-json\/wp\/v2\/comments?post=231"}],"version-history":[{"count":4,"href":"https:\/\/monciak45.pl\/en\/wp-json\/wp\/v2\/pages\/231\/revisions"}],"predecessor-version":[{"id":235,"href":"https:\/\/monciak45.pl\/en\/wp-json\/wp\/v2\/pages\/231\/revisions\/235"}],"wp:attachment":[{"href":"https:\/\/monciak45.pl\/en\/wp-json\/wp\/v2\/media?parent=231"}],"curies":[{"name":"wp","href":"https:\/\/api.w.org\/{rel}","templated":true}]}}