{"id":236,"date":"2026-03-18T13:20:01","date_gmt":"2026-03-18T12:20:01","guid":{"rendered":"https:\/\/monciak45.pl\/en\/?page_id=236"},"modified":"2026-03-18T13:20:24","modified_gmt":"2026-03-18T12:20:24","slug":"impressum","status":"publish","type":"page","link":"https:\/\/monciak45.pl\/en\/impressum\/","title":{"rendered":"Impressum"},"content":{"rendered":"\t\t<div data-elementor-type=\"wp-page\" data-elementor-id=\"236\" class=\"elementor elementor-236\">\n\t\t\t\t<div class=\"elementor-element elementor-element-528c7d7 e-flex e-con-boxed e-con e-parent\" data-id=\"528c7d7\" data-element_type=\"container\" data-e-type=\"container\">\n\t\t\t\t\t<div class=\"e-con-inner\">\n\t\t\t\t<div class=\"elementor-element elementor-element-cae6b58 elementor-widget elementor-widget-text-editor\" data-id=\"cae6b58\" data-element_type=\"widget\" data-e-type=\"widget\" data-widget_type=\"text-editor.default\">\n\t\t\t\t\t\t\t\t\t<p><span lang=\"en-US\"><b>Operator strony internetowej<\/b><\/span><\/p><p><span lang=\"en-US\">MAGDOM Sop. z o.o.<br \/>ul. <\/span>Plac Teatralny 1<br \/>00-930 Warszawa<br \/>Polska<\/p><p><b>Kontakt<\/b><\/p><p>E-mail: info@monciak45.pl<br \/>Strona internetowa: <a href=\"http:\/\/www.monciak45.pl\">www.monciak45.pl<\/a><\/p><p><b>Odpowiedzialno\u015b\u0107 za tre\u015bci<\/b><\/p><p>Tre\u015bci zamieszczone na stronie internetowej <a href=\"http:\/\/www.monciak45.pl\">www.monciak45.pl<\/a> zosta\u0142y przygotowane z najwy\u017csz\u0105 staranno\u015bci\u0105. Mimo to nie gwarantujemy ich pe\u0142nej aktualno\u015bci, kompletno\u015bci ani dok\u0142adno\u015bci. Operator strony zastrzega sobie prawo do wprowadzania zmian w tre\u015bci strony w dowolnym czasie i bez wcze\u015bniejszego powiadomienia.<\/p><p><b>Odpowiedzialno\u015b\u0107 za linki<\/b><\/p><p>Nasza strona mo\u017ce zawiera\u0107 odno\u015bniki do zewn\u0119trznych stron internetowych, na kt\u00f3rych tre\u015b\u0107 nie mamy wp\u0142ywu. W zwi\u0105zku z tym nie ponosimy odpowiedzialno\u015bci za tre\u015bci znajduj\u0105ce si\u0119 na stronach podmiot\u00f3w trzecich. Za zawarto\u015b\u0107 stron, do kt\u00f3rych prowadz\u0105 linki, odpowiadaj\u0105 wy\u0142\u0105cznie ich operatorzy.<\/p><p><b>Prawa autorskie<\/b><\/p><p>Wszystkie materia\u0142y i tre\u015bci zamieszczone na stronie <a href=\"http:\/\/www.monciak45.pl\">www.monciak45.pl<\/a>, w szczeg\u00f3lno\u015bci teksty, grafiki oraz zdj\u0119cia, podlegaj\u0105 ochronie prawnej. Ich kopiowanie, rozpowszechnianie lub wykorzystywanie bez zgody operatora strony jest zabronione, chyba \u017ce przepisy prawa stanowi\u0105 inaczej.<\/p>\t\t\t\t\t\t\t\t<\/div>\n\t\t\t\t\t<\/div>\n\t\t\t\t<\/div>\n\t\t\t\t<\/div>\n\t\t","protected":false},"excerpt":{"rendered":"<p>Operator strony internetowej MAGDOM Sop. z o.o.ul. Plac Teatralny 100-930 WarszawaPolska Kontakt E-mail: info@monciak45.plStrona internetowa: www.monciak45.pl Odpowiedzialno\u015b\u0107 za tre\u015bci Tre\u015bci zamieszczone na stronie internetowej www.monciak45.pl zosta\u0142y przygotowane z najwy\u017csz\u0105 staranno\u015bci\u0105. Mimo to nie gwarantujemy ich pe\u0142nej aktualno\u015bci, kompletno\u015bci ani dok\u0142adno\u015bci. Operator strony zastrzega sobie prawo do wprowadzania zmian w tre\u015bci strony w dowolnym czasie i [&hellip;]<\/p>\n","protected":false},"author":1,"featured_media":0,"parent":0,"menu_order":0,"comment_status":"closed","ping_status":"closed","template":"","meta":{"footnotes":""},"class_list":["post-236","page","type-page","status-publish","hentry"],"_links":{"self":[{"href":"https:\/\/monciak45.pl\/en\/wp-json\/wp\/v2\/pages\/236","targetHints":{"allow":["GET"]}}],"collection":[{"href":"https:\/\/monciak45.pl\/en\/wp-json\/wp\/v2\/pages"}],"about":[{"href":"https:\/\/monciak45.pl\/en\/wp-json\/wp\/v2\/types\/page"}],"author":[{"embeddable":true,"href":"https:\/\/monciak45.pl\/en\/wp-json\/wp\/v2\/users\/1"}],"replies":[{"embeddable":true,"href":"https:\/\/monciak45.pl\/en\/wp-json\/wp\/v2\/comments?post=236"}],"version-history":[{"count":4,"href":"https:\/\/monciak45.pl\/en\/wp-json\/wp\/v2\/pages\/236\/revisions"}],"predecessor-version":[{"id":240,"href":"https:\/\/monciak45.pl\/en\/wp-json\/wp\/v2\/pages\/236\/revisions\/240"}],"wp:attachment":[{"href":"https:\/\/monciak45.pl\/en\/wp-json\/wp\/v2\/media?parent=236"}],"curies":[{"name":"wp","href":"https:\/\/api.w.org\/{rel}","templated":true}]}}