{"id":241,"date":"2026-03-18T13:20:44","date_gmt":"2026-03-18T12:20:44","guid":{"rendered":"https:\/\/monciak45.pl\/en\/?page_id=241"},"modified":"2026-03-18T13:21:07","modified_gmt":"2026-03-18T12:21:07","slug":"regulamin","status":"publish","type":"page","link":"https:\/\/monciak45.pl\/en\/regulamin\/","title":{"rendered":"Regulamin"},"content":{"rendered":"\t\t<div data-elementor-type=\"wp-page\" data-elementor-id=\"241\" class=\"elementor elementor-241\">\n\t\t\t\t<div class=\"elementor-element elementor-element-0908e17 e-flex e-con-boxed e-con e-parent\" data-id=\"0908e17\" data-element_type=\"container\" data-e-type=\"container\">\n\t\t\t\t\t<div class=\"e-con-inner\">\n\t\t\t\t<div class=\"elementor-element elementor-element-4514f38 elementor-widget elementor-widget-text-editor\" data-id=\"4514f38\" data-element_type=\"widget\" data-e-type=\"widget\" data-widget_type=\"text-editor.default\">\n\t\t\t\t\t\t\t\t\t<p><b>1. Postanowienia og\u00f3lne<\/b><\/p><p>Niniejszy regulamin okre\u015bla zasady korzystania ze strony internetowej <a href=\"http:\/\/www.monciak45.pl\"><b>www.monciak45.pl<\/b><\/a>.<\/p><p><span lang=\"en-US\">W\u0142a\u015bcicielem oraz administratorem strony jest:<\/span><\/p><p><span lang=\"en-US\"><b>MAGDOM Sop. z o.o.<\/b><\/span><span lang=\"en-US\"><br \/>ul. Plac Teatralny 1<br \/>00-930 Warszawa<br \/>Polska<\/span><\/p><p><span lang=\"en-US\">E-mail: info@monciak45.pl<br \/>Strona internetowa: <a href=\"http:\/\/www.monciak45.pl\">www.monciak45.pl<\/a><\/span><\/p><p><span lang=\"en-US\">Korzystanie ze strony internetowej oznacza akceptacj\u0119 niniejszego regulaminu.<\/span><\/p><p><b>2. Zakres dzia\u0142ania strony<\/b><\/p><p>Strona internetowa <a href=\"http:\/\/www.monciak45.pl\"><b>www.monciak45.pl<\/b><\/a> ma charakter informacyjny i s\u0142u\u017cy do prezentacji dzia\u0142alno\u015bci restauracji Monciak 45, w szczeg\u00f3lno\u015bci informacji dotycz\u0105cych:<\/p><ul><li><p>menu restauracji<\/p><\/li><li><p><span lang=\"en-US\">wydarze\u0144 i atrakcji organizowanych w restauracji<\/span><\/p><\/li><li><p>danych kontaktowych<\/p><\/li><li><p>aktualno\u015bci i informacji o restauracji<\/p><\/li><\/ul><p>Administrator dok\u0142ada wszelkich stara\u0144, aby informacje zamieszczone na stronie by\u0142y aktualne i rzetelne, jednak nie gwarantuje ich pe\u0142nej aktualno\u015bci w ka\u017cdym momencie.<\/p><p><b>3. Zasady korzystania ze strony<\/b><\/p><p>U\u017cytkownik zobowi\u0105zuje si\u0119 do korzystania ze strony w spos\u00f3b zgodny z obowi\u0105zuj\u0105cym prawem, dobrymi obyczajami oraz zasadami wsp\u00f3\u0142\u017cycia spo\u0142ecznego.<\/p><p>Zabronione jest w szczeg\u00f3lno\u015bci:<\/p><ul><li><p>podejmowanie dzia\u0142a\u0144 mog\u0105cych zak\u0142\u00f3ci\u0107 funkcjonowanie strony<\/p><\/li><li><p>dostarczanie tre\u015bci o charakterze bezprawnym<\/p><\/li><li><p><span lang=\"en-US\">pr\u00f3by nieautoryzowanego dost\u0119pu do system\u00f3w informatycznych strony<\/span><\/p><\/li><\/ul><p><b>4. Prawa autorskie<\/b><\/p><p>Wszystkie tre\u015bci znajduj\u0105ce si\u0119 na stronie internetowej <a href=\"http:\/\/www.monciak45.pl\"><b>www.monciak45.pl<\/b><\/a>, w szczeg\u00f3lno\u015bci teksty, zdj\u0119cia, grafiki oraz materia\u0142y multimedialne, podlegaj\u0105 ochronie prawnej.<\/p><p>Kopiowanie, rozpowszechnianie lub wykorzystywanie materia\u0142\u00f3w znajduj\u0105cych si\u0119 na stronie bez zgody administratora jest zabronione, z wyj\u0105tkiem przypadk\u00f3w dopuszczonych przez obowi\u0105zuj\u0105ce przepisy prawa.<\/p><p><b>5. Odpowiedzialno\u015b\u0107<\/b><\/p><p>Administrator nie ponosi odpowiedzialno\u015bci za:<\/p><ul><li><p>przerwy w dzia\u0142aniu strony wynikaj\u0105ce z przyczyn technicznych<\/p><\/li><li><p>szkody powsta\u0142e w wyniku korzystania ze strony w spos\u00f3b niezgodny z regulaminem<\/p><\/li><li><p>tre\u015bci zamieszczone na zewn\u0119trznych stronach internetowych, do kt\u00f3rych prowadz\u0105 linki<\/p><\/li><\/ul><p><span lang=\"en-US\"><b>6. Linki do stron zewn\u0119trznych<\/b><\/span><\/p><p><span lang=\"en-US\">Strona mo\u017ce zawiera\u0107 odno\u015bniki do innych stron internetowych. Administrator nie ponosi odpowiedzialno\u015bci za tre\u015bci oraz polityk\u0119 prywatno\u015bci stosowan\u0105 przez operator\u00f3w tych stron.<\/span><\/p><p><span lang=\"en-US\"><b>7. Zmiany regulaminu<\/b><\/span><\/p><p><span lang=\"en-US\">Administrator zastrzega sobie prawo do zmiany niniejszego regulaminu w dowolnym czasie. <\/span>Aktualna wersja regulaminu publikowana jest na stronie internetowej.<\/p><p><b>8. Postanowienia ko\u0144cowe<\/b><\/p><p>W sprawach nieuregulowanych niniejszym regulaminem zastosowanie maj\u0105 przepisy prawa polskiego.<\/p>\t\t\t\t\t\t\t\t<\/div>\n\t\t\t\t\t<\/div>\n\t\t\t\t<\/div>\n\t\t\t\t<\/div>\n\t\t","protected":false},"excerpt":{"rendered":"<p>1. Postanowienia og\u00f3lne Niniejszy regulamin okre\u015bla zasady korzystania ze strony internetowej www.monciak45.pl. W\u0142a\u015bcicielem oraz administratorem strony jest: MAGDOM Sop. z o.o.ul. Plac Teatralny 100-930 WarszawaPolska E-mail: info@monciak45.plStrona internetowa: www.monciak45.pl Korzystanie ze strony internetowej oznacza akceptacj\u0119 niniejszego regulaminu. 2. Zakres dzia\u0142ania strony Strona internetowa www.monciak45.pl ma charakter informacyjny i s\u0142u\u017cy do prezentacji dzia\u0142alno\u015bci restauracji Monciak 45, [&hellip;]<\/p>\n","protected":false},"author":1,"featured_media":0,"parent":0,"menu_order":0,"comment_status":"closed","ping_status":"closed","template":"","meta":{"footnotes":""},"class_list":["post-241","page","type-page","status-publish","hentry"],"_links":{"self":[{"href":"https:\/\/monciak45.pl\/en\/wp-json\/wp\/v2\/pages\/241","targetHints":{"allow":["GET"]}}],"collection":[{"href":"https:\/\/monciak45.pl\/en\/wp-json\/wp\/v2\/pages"}],"about":[{"href":"https:\/\/monciak45.pl\/en\/wp-json\/wp\/v2\/types\/page"}],"author":[{"embeddable":true,"href":"https:\/\/monciak45.pl\/en\/wp-json\/wp\/v2\/users\/1"}],"replies":[{"embeddable":true,"href":"https:\/\/monciak45.pl\/en\/wp-json\/wp\/v2\/comments?post=241"}],"version-history":[{"count":4,"href":"https:\/\/monciak45.pl\/en\/wp-json\/wp\/v2\/pages\/241\/revisions"}],"predecessor-version":[{"id":245,"href":"https:\/\/monciak45.pl\/en\/wp-json\/wp\/v2\/pages\/241\/revisions\/245"}],"wp:attachment":[{"href":"https:\/\/monciak45.pl\/en\/wp-json\/wp\/v2\/media?parent=241"}],"curies":[{"name":"wp","href":"https:\/\/api.w.org\/{rel}","templated":true}]}}